{"id":4944,"date":"2025-10-09T18:01:55","date_gmt":"2025-10-09T15:01:55","guid":{"rendered":"https:\/\/www.hirsiranta.fi\/?page_id=4944"},"modified":"2025-10-24T18:34:41","modified_gmt":"2025-10-24T15:34:41","slug":"pikkujoulut","status":"publish","type":"page","link":"https:\/\/www.hirsiranta.fi\/en\/pikkujoulut\/","title":{"rendered":"Pikkujoulut"},"content":{"rendered":"<div data-elementor-type=\"wp-page\" data-elementor-id=\"4944\" class=\"elementor elementor-4944\">\n\t\t\t\t\t\t<section class=\"elementor-section elementor-top-section elementor-element elementor-element-83746e8 elementor-section-height-min-height elementor-section-boxed elementor-section-height-default elementor-section-items-middle\" data-id=\"83746e8\" data-element_type=\"section\" data-settings=\"{&quot;background_background&quot;:&quot;classic&quot;}\">\n\t\t\t\t\t\t\t<div class=\"elementor-background-overlay\"><\/div>\n\t\t\t\t\t\t\t<div class=\"elementor-container elementor-column-gap-default\">\n\t\t\t\t\t<div class=\"elementor-column elementor-col-100 elementor-top-column elementor-element elementor-element-09faee3\" data-id=\"09faee3\" data-element_type=\"column\">\n\t\t\t<div class=\"elementor-widget-wrap elementor-element-populated\">\n\t\t\t\t\t\t<div class=\"elementor-element elementor-element-c7152a9 elementor-widget elementor-widget-heading\" data-id=\"c7152a9\" data-element_type=\"widget\" data-widget_type=\"heading.default\">\n\t\t\t\t<div class=\"elementor-widget-container\">\n\t\t\t\t\t<h1 class=\"elementor-heading-title elementor-size-default\">Pikkujoulut<\/h1>\t\t\t\t<\/div>\n\t\t\t\t<\/div>\n\t\t\t\t\t<\/div>\n\t\t<\/div>\n\t\t\t\t\t<\/div>\n\t\t<\/section>\n\t\t\t\t<section class=\"elementor-section elementor-top-section elementor-element elementor-element-6b1946c elementor-section-boxed elementor-section-height-default elementor-section-height-default\" data-id=\"6b1946c\" data-element_type=\"section\">\n\t\t\t\t\t\t<div class=\"elementor-container elementor-column-gap-default\">\n\t\t\t\t\t<div class=\"elementor-column elementor-col-100 elementor-top-column elementor-element elementor-element-67086b8\" data-id=\"67086b8\" data-element_type=\"column\">\n\t\t\t<div class=\"elementor-widget-wrap elementor-element-populated\">\n\t\t\t\t\t\t<div class=\"elementor-element elementor-element-6e603d5 elementor-widget elementor-widget-text-editor\" data-id=\"6e603d5\" data-element_type=\"widget\" data-widget_type=\"text-editor.default\">\n\t\t\t\t<div class=\"elementor-widget-container\">\n\t\t\t\t\t\t\t\t\t<h4><strong><em>Pikkujoulut Hirsirannassa<\/em><\/strong><\/h4>\t\t\t\t\t\t\t\t<\/div>\n\t\t\t\t<\/div>\n\t\t\t\t<div class=\"elementor-element elementor-element-aa64f0c elementor-widget-divider--view-line elementor-widget elementor-widget-divider\" data-id=\"aa64f0c\" data-element_type=\"widget\" data-widget_type=\"divider.default\">\n\t\t\t\t<div class=\"elementor-widget-container\">\n\t\t\t\t\t\t\t<div class=\"elementor-divider\">\n\t\t\t<span class=\"elementor-divider-separator\">\n\t\t\t\t\t\t<\/span>\n\t\t<\/div>\n\t\t\t\t\t\t<\/div>\n\t\t\t\t<\/div>\n\t\t\t\t\t<\/div>\n\t\t<\/div>\n\t\t\t\t\t<\/div>\n\t\t<\/section>\n\t\t\t\t<section class=\"elementor-section elementor-top-section elementor-element elementor-element-0425924 elementor-section-boxed elementor-section-height-default elementor-section-height-default\" data-id=\"0425924\" data-element_type=\"section\">\n\t\t\t\t\t\t<div class=\"elementor-container elementor-column-gap-default\">\n\t\t\t\t\t<div class=\"elementor-column elementor-col-100 elementor-top-column elementor-element elementor-element-637c4cb\" data-id=\"637c4cb\" data-element_type=\"column\">\n\t\t\t<div class=\"elementor-widget-wrap elementor-element-populated\">\n\t\t\t\t\t\t<div class=\"elementor-element elementor-element-1aed5bb elementor-widget elementor-widget-text-editor\" data-id=\"1aed5bb\" data-element_type=\"widget\" data-widget_type=\"text-editor.default\">\n\t\t\t\t<div class=\"elementor-widget-container\">\n\t\t\t\t\t\t\t\t\t<h5 style=\"text-align: center;\">Onko suunnitelmissasi pikkujoulujen j\u00e4rjest\u00e4minen ja paikka etsinn\u00e4ss\u00e4? Meill\u00e4 onnistuu viett\u00e4\u00e4 pikkujouluja isommallakin porukalla nauttien joulubuffetin antimista tunnelmallisessa milj\u00f6\u00f6ss\u00e4.\u00a0<\/h5><h5 style=\"text-align: center;\">Vai kuulostaisiko artesaanipizzat ja jouluinen j\u00e4lkk\u00e4ri teid\u00e4n porukan jutulta?<\/h5><h5 style=\"text-align: center;\">Pikkujoulutunnelmaan p\u00e4\u00e4see gl\u00f6gill\u00e4 ja illan kruunaa lempe\u00e4t l\u00f6ylyt rantasaunalla.<\/h5><h5 style=\"text-align: center;\">Ota rohkeasti yhteytt\u00e4 ja suunnitellaan pikkujoulut juuri teid\u00e4n porukalle!<\/h5><h5 style=\"text-align: center;\">P. 044 2318532<\/h5>\t\t\t\t\t\t\t\t<\/div>\n\t\t\t\t<\/div>\n\t\t\t\t\t<\/div>\n\t\t<\/div>\n\t\t\t\t\t<\/div>\n\t\t<\/section>\n\t\t\t\t<section class=\"elementor-section elementor-top-section elementor-element elementor-element-5f761ac elementor-section-boxed elementor-section-height-default elementor-section-height-default\" data-id=\"5f761ac\" data-element_type=\"section\">\n\t\t\t\t\t\t<div class=\"elementor-container elementor-column-gap-default\">\n\t\t\t\t\t<div class=\"elementor-column elementor-col-100 elementor-top-column elementor-element elementor-element-a4273f2\" data-id=\"a4273f2\" data-element_type=\"column\">\n\t\t\t<div class=\"elementor-widget-wrap elementor-element-populated\">\n\t\t\t\t\t\t<div class=\"elementor-element elementor-element-22fc446 elementor-widget elementor-widget-image-gallery\" data-id=\"22fc446\" data-element_type=\"widget\" data-widget_type=\"image-gallery.default\">\n\t\t\t\t<div class=\"elementor-widget-container\">\n\t\t\t\t\t\t\t<div class=\"elementor-image-gallery\">\n\t\t\t<div id='gallery-1' class='gallery galleryid-4944 gallery-columns-1 gallery-size-medium_large'><figure class='gallery-item'>\n\t\t\t<div class='gallery-icon portrait'>\n\t\t\t\t<a data-elementor-open-lightbox=\"yes\" data-elementor-lightbox-slideshow=\"22fc446\" data-elementor-lightbox-title=\"1\" data-e-action-hash=\"#elementor-action%3Aaction%3Dlightbox%26settings%3DeyJpZCI6NDM5OCwidXJsIjoiaHR0cHM6XC9cL3d3dy5oaXJzaXJhbnRhLmZpXC93cC1jb250ZW50XC91cGxvYWRzXC8yMDI0XC8xMFwvMS5qcGciLCJzbGlkZXNob3ciOiIyMmZjNDQ2In0%3D\" href='https:\/\/www.hirsiranta.fi\/wp-content\/uploads\/2024\/10\/1.jpg'><img fetchpriority=\"high\" decoding=\"async\" width=\"768\" height=\"1086\" src=\"https:\/\/www.hirsiranta.fi\/wp-content\/uploads\/2024\/10\/1-768x1086.jpg\" class=\"attachment-medium_large size-medium_large\" alt=\"\" srcset=\"https:\/\/www.hirsiranta.fi\/wp-content\/uploads\/2024\/10\/1-768x1086.jpg 768w, https:\/\/www.hirsiranta.fi\/wp-content\/uploads\/2024\/10\/1-212x300.jpg 212w, https:\/\/www.hirsiranta.fi\/wp-content\/uploads\/2024\/10\/1-724x1024.jpg 724w, https:\/\/www.hirsiranta.fi\/wp-content\/uploads\/2024\/10\/1-1086x1536.jpg 1086w, https:\/\/www.hirsiranta.fi\/wp-content\/uploads\/2024\/10\/1-8x12.jpg 8w, https:\/\/www.hirsiranta.fi\/wp-content\/uploads\/2024\/10\/1.jpg 1414w\" sizes=\"(max-width: 768px) 100vw, 768px\" \/><\/a>\n\t\t\t<\/div><\/figure><figure class='gallery-item'>\n\t\t\t<div class='gallery-icon portrait'>\n\t\t\t\t<a data-elementor-open-lightbox=\"yes\" data-elementor-lightbox-slideshow=\"22fc446\" data-elementor-lightbox-title=\"2\" data-e-action-hash=\"#elementor-action%3Aaction%3Dlightbox%26settings%3DeyJpZCI6NDM5OSwidXJsIjoiaHR0cHM6XC9cL3d3dy5oaXJzaXJhbnRhLmZpXC93cC1jb250ZW50XC91cGxvYWRzXC8yMDI0XC8xMFwvMi5qcGciLCJzbGlkZXNob3ciOiIyMmZjNDQ2In0%3D\" href='https:\/\/www.hirsiranta.fi\/wp-content\/uploads\/2024\/10\/2.jpg'><img decoding=\"async\" width=\"768\" height=\"1086\" src=\"https:\/\/www.hirsiranta.fi\/wp-content\/uploads\/2024\/10\/2-768x1086.jpg\" class=\"attachment-medium_large size-medium_large\" alt=\"\" srcset=\"https:\/\/www.hirsiranta.fi\/wp-content\/uploads\/2024\/10\/2-768x1086.jpg 768w, https:\/\/www.hirsiranta.fi\/wp-content\/uploads\/2024\/10\/2-212x300.jpg 212w, https:\/\/www.hirsiranta.fi\/wp-content\/uploads\/2024\/10\/2-724x1024.jpg 724w, https:\/\/www.hirsiranta.fi\/wp-content\/uploads\/2024\/10\/2-1086x1536.jpg 1086w, https:\/\/www.hirsiranta.fi\/wp-content\/uploads\/2024\/10\/2-8x12.jpg 8w, https:\/\/www.hirsiranta.fi\/wp-content\/uploads\/2024\/10\/2.jpg 1414w\" sizes=\"(max-width: 768px) 100vw, 768px\" \/><\/a>\n\t\t\t<\/div><\/figure><figure class='gallery-item'>\n\t\t\t<div class='gallery-icon portrait'>\n\t\t\t\t<a data-elementor-open-lightbox=\"yes\" data-elementor-lightbox-slideshow=\"22fc446\" data-elementor-lightbox-title=\"3\" data-e-action-hash=\"#elementor-action%3Aaction%3Dlightbox%26settings%3DeyJpZCI6NDQwMCwidXJsIjoiaHR0cHM6XC9cL3d3dy5oaXJzaXJhbnRhLmZpXC93cC1jb250ZW50XC91cGxvYWRzXC8yMDI0XC8xMFwvMy5qcGciLCJzbGlkZXNob3ciOiIyMmZjNDQ2In0%3D\" href='https:\/\/www.hirsiranta.fi\/wp-content\/uploads\/2024\/10\/3.jpg'><img decoding=\"async\" width=\"768\" height=\"1086\" src=\"https:\/\/www.hirsiranta.fi\/wp-content\/uploads\/2024\/10\/3-768x1086.jpg\" class=\"attachment-medium_large size-medium_large\" alt=\"\" srcset=\"https:\/\/www.hirsiranta.fi\/wp-content\/uploads\/2024\/10\/3-768x1086.jpg 768w, https:\/\/www.hirsiranta.fi\/wp-content\/uploads\/2024\/10\/3-212x300.jpg 212w, https:\/\/www.hirsiranta.fi\/wp-content\/uploads\/2024\/10\/3-724x1024.jpg 724w, https:\/\/www.hirsiranta.fi\/wp-content\/uploads\/2024\/10\/3-1086x1536.jpg 1086w, https:\/\/www.hirsiranta.fi\/wp-content\/uploads\/2024\/10\/3-8x12.jpg 8w, https:\/\/www.hirsiranta.fi\/wp-content\/uploads\/2024\/10\/3.jpg 1414w\" sizes=\"(max-width: 768px) 100vw, 768px\" \/><\/a>\n\t\t\t<\/div><\/figure>\n\t\t<\/div>\n\t\t<\/div>\n\t\t\t\t\t\t<\/div>\n\t\t\t\t<\/div>\n\t\t\t\t\t<\/div>\n\t\t<\/div>\n\t\t\t\t\t<\/div>\n\t\t<\/section>\n\t\t\t\t<section class=\"elementor-section elementor-top-section elementor-element elementor-element-19a54a3 elementor-section-boxed elementor-section-height-default elementor-section-height-default\" data-id=\"19a54a3\" data-element_type=\"section\">\n\t\t\t\t\t\t<div class=\"elementor-container elementor-column-gap-default\">\n\t\t\t\t\t<div class=\"elementor-column elementor-col-100 elementor-top-column elementor-element elementor-element-50bd358\" data-id=\"50bd358\" data-element_type=\"column\">\n\t\t\t<div class=\"elementor-widget-wrap elementor-element-populated\">\n\t\t\t\t\t\t<div class=\"elementor-element elementor-element-207a558 elementor-arrows-position-inside elementor-pagination-position-outside elementor-widget elementor-widget-image-carousel\" data-id=\"207a558\" data-element_type=\"widget\" data-settings=\"{&quot;navigation&quot;:&quot;both&quot;,&quot;autoplay&quot;:&quot;yes&quot;,&quot;pause_on_hover&quot;:&quot;yes&quot;,&quot;pause_on_interaction&quot;:&quot;yes&quot;,&quot;autoplay_speed&quot;:5000,&quot;infinite&quot;:&quot;yes&quot;,&quot;speed&quot;:500}\" data-widget_type=\"image-carousel.default\">\n\t\t\t\t<div class=\"elementor-widget-container\">\n\t\t\t\t\t\t\t<div class=\"elementor-image-carousel-wrapper swiper\" role=\"region\" aria-roledescription=\"carousel\" aria-label=\"Kuvakaruselli\" dir=\"ltr\">\n\t\t\t<div class=\"elementor-image-carousel swiper-wrapper\" aria-live=\"off\">\n\t\t\t\t\t\t\t\t<div class=\"swiper-slide\" role=\"group\" aria-roledescription=\"slide\" aria-label=\"1 of 8\"><figure class=\"swiper-slide-inner\"><img decoding=\"async\" class=\"swiper-slide-image\" src=\"https:\/\/www.hirsiranta.fi\/wp-content\/uploads\/2025\/10\/IMG_20241130_184909-scaled.jpg\" alt=\"IMG_20241130_184909\" \/><\/figure><\/div><div class=\"swiper-slide\" role=\"group\" aria-roledescription=\"slide\" aria-label=\"2 of 8\"><figure class=\"swiper-slide-inner\"><img decoding=\"async\" class=\"swiper-slide-image\" src=\"https:\/\/www.hirsiranta.fi\/wp-content\/uploads\/2025\/10\/IMG_20231125_152948-scaled.jpg\" alt=\"IMG_20231125_152948\" \/><\/figure><\/div><div class=\"swiper-slide\" role=\"group\" aria-roledescription=\"slide\" aria-label=\"3 of 8\"><figure class=\"swiper-slide-inner\"><img decoding=\"async\" class=\"swiper-slide-image\" src=\"https:\/\/www.hirsiranta.fi\/wp-content\/uploads\/2025\/10\/IMG_20241130_192248-scaled.jpg\" alt=\"IMG_20241130_192248\" \/><\/figure><\/div><div class=\"swiper-slide\" role=\"group\" aria-roledescription=\"slide\" aria-label=\"4 of 8\"><figure class=\"swiper-slide-inner\"><img decoding=\"async\" class=\"swiper-slide-image\" src=\"https:\/\/www.hirsiranta.fi\/wp-content\/uploads\/2025\/10\/IMG_20241130_192339-scaled.jpg\" alt=\"IMG_20241130_192339\" \/><\/figure><\/div><div class=\"swiper-slide\" role=\"group\" aria-roledescription=\"slide\" aria-label=\"5 of 8\"><figure class=\"swiper-slide-inner\"><img decoding=\"async\" class=\"swiper-slide-image\" src=\"https:\/\/www.hirsiranta.fi\/wp-content\/uploads\/2025\/10\/IMG_20241214_164026-scaled.jpg\" alt=\"IMG_20241214_164026\" \/><\/figure><\/div><div class=\"swiper-slide\" role=\"group\" aria-roledescription=\"slide\" aria-label=\"6 of 8\"><figure class=\"swiper-slide-inner\"><img decoding=\"async\" class=\"swiper-slide-image\" src=\"https:\/\/www.hirsiranta.fi\/wp-content\/uploads\/2025\/10\/IMG_20250614_153308-scaled.jpg\" alt=\"IMG_20250614_153308\" \/><\/figure><\/div><div class=\"swiper-slide\" role=\"group\" aria-roledescription=\"slide\" aria-label=\"7 of 8\"><figure class=\"swiper-slide-inner\"><img decoding=\"async\" class=\"swiper-slide-image\" src=\"https:\/\/www.hirsiranta.fi\/wp-content\/uploads\/2025\/10\/IMG_20241214_164434-scaled.jpg\" alt=\"IMG_20241214_164434\" \/><\/figure><\/div><div class=\"swiper-slide\" role=\"group\" aria-roledescription=\"slide\" aria-label=\"8 of 8\"><figure class=\"swiper-slide-inner\"><img decoding=\"async\" class=\"swiper-slide-image\" src=\"https:\/\/www.hirsiranta.fi\/wp-content\/uploads\/2025\/10\/IMG_20241219_200046_069-scaled.webp\" alt=\"IMG_20241219_200046_069\" \/><\/figure><\/div>\t\t\t<\/div>\n\t\t\t\t\t\t\t\t\t\t\t\t<div class=\"elementor-swiper-button elementor-swiper-button-prev\" role=\"button\" tabindex=\"0\">\n\t\t\t\t\t\t<i aria-hidden=\"true\" class=\"eicon-chevron-left\"><\/i>\t\t\t\t\t<\/div>\n\t\t\t\t\t<div class=\"elementor-swiper-button elementor-swiper-button-next\" role=\"button\" tabindex=\"0\">\n\t\t\t\t\t\t<i aria-hidden=\"true\" class=\"eicon-chevron-right\"><\/i>\t\t\t\t\t<\/div>\n\t\t\t\t\n\t\t\t\t\t\t\t\t\t<div class=\"swiper-pagination\"><\/div>\n\t\t\t\t\t\t\t\t\t<\/div>\n\t\t\t\t\t\t<\/div>\n\t\t\t\t<\/div>\n\t\t\t\t\t<\/div>\n\t\t<\/div>\n\t\t\t\t\t<\/div>\n\t\t<\/section>\n\t\t\t\t<\/div>","protected":false},"excerpt":{"rendered":"<p>Pikkujoulut Pikkujoulut Hirsirannassa Onko suunnitelmissasi pikkujoulujen j\u00e4rjest\u00e4minen ja paikka etsinn\u00e4ss\u00e4? Meill\u00e4 onnistuu viett\u00e4\u00e4 pikkujouluja isommallakin porukalla nauttien joulubuffetin antimista tunnelmallisessa milj\u00f6\u00f6ss\u00e4.\u00a0 Vai kuulostaisiko artesaanipizzat ja jouluinen j\u00e4lkk\u00e4ri teid\u00e4n porukan jutulta? Pikkujoulutunnelmaan p\u00e4\u00e4see gl\u00f6gill\u00e4 ja illan kruunaa lempe\u00e4t l\u00f6ylyt rantasaunalla. Ota rohkeasti yhteytt\u00e4 ja suunnitellaan pikkujoulut juuri teid\u00e4n porukalle! P. 044 2318532<\/p>","protected":false},"author":3,"featured_media":0,"parent":0,"menu_order":0,"comment_status":"closed","ping_status":"closed","template":"","meta":{"site-sidebar-layout":"no-sidebar","site-content-layout":"page-builder","ast-site-content-layout":"full-width-container","site-content-style":"unboxed","site-sidebar-style":"unboxed","ast-global-header-display":"","ast-banner-title-visibility":"","ast-main-header-display":"","ast-hfb-above-header-display":"","ast-hfb-below-header-display":"","ast-hfb-mobile-header-display":"","site-post-title":"disabled","ast-breadcrumbs-content":"","ast-featured-img":"disabled","footer-sml-layout":"","theme-transparent-header-meta":"enabled","adv-header-id-meta":"","stick-header-meta":"","header-above-stick-meta":"","header-main-stick-meta":"","header-below-stick-meta":"","astra-migrate-meta-layouts":"set","ast-page-background-enabled":"default","ast-page-background-meta":{"desktop":{"background-color":"var(--ast-global-color-4)","background-image":"","background-repeat":"repeat","background-position":"center center","background-size":"auto","background-attachment":"scroll","background-type":"","background-media":"","overlay-type":"","overlay-color":"","overlay-opacity":"","overlay-gradient":""},"tablet":{"background-color":"","background-image":"","background-repeat":"repeat","background-position":"center center","background-size":"auto","background-attachment":"scroll","background-type":"","background-media":"","overlay-type":"","overlay-color":"","overlay-opacity":"","overlay-gradient":""},"mobile":{"background-color":"","background-image":"","background-repeat":"repeat","background-position":"center center","background-size":"auto","background-attachment":"scroll","background-type":"","background-media":"","overlay-type":"","overlay-color":"","overlay-opacity":"","overlay-gradient":""}},"ast-content-background-meta":{"desktop":{"background-color":"var(--ast-global-color-5)","background-image":"","background-repeat":"repeat","background-position":"center center","background-size":"auto","background-attachment":"scroll","background-type":"","background-media":"","overlay-type":"","overlay-color":"","overlay-opacity":"","overlay-gradient":""},"tablet":{"background-color":"var(--ast-global-color-5)","background-image":"","background-repeat":"repeat","background-position":"center center","background-size":"auto","background-attachment":"scroll","background-type":"","background-media":"","overlay-type":"","overlay-color":"","overlay-opacity":"","overlay-gradient":""},"mobile":{"background-color":"var(--ast-global-color-5)","background-image":"","background-repeat":"repeat","background-position":"center center","background-size":"auto","background-attachment":"scroll","background-type":"","background-media":"","overlay-type":"","overlay-color":"","overlay-opacity":"","overlay-gradient":""}},"footnotes":""},"class_list":["post-4944","page","type-page","status-publish","hentry"],"_links":{"self":[{"href":"https:\/\/www.hirsiranta.fi\/en\/wp-json\/wp\/v2\/pages\/4944","targetHints":{"allow":["GET"]}}],"collection":[{"href":"https:\/\/www.hirsiranta.fi\/en\/wp-json\/wp\/v2\/pages"}],"about":[{"href":"https:\/\/www.hirsiranta.fi\/en\/wp-json\/wp\/v2\/types\/page"}],"author":[{"embeddable":true,"href":"https:\/\/www.hirsiranta.fi\/en\/wp-json\/wp\/v2\/users\/3"}],"replies":[{"embeddable":true,"href":"https:\/\/www.hirsiranta.fi\/en\/wp-json\/wp\/v2\/comments?post=4944"}],"version-history":[{"count":16,"href":"https:\/\/www.hirsiranta.fi\/en\/wp-json\/wp\/v2\/pages\/4944\/revisions"}],"predecessor-version":[{"id":5005,"href":"https:\/\/www.hirsiranta.fi\/en\/wp-json\/wp\/v2\/pages\/4944\/revisions\/5005"}],"wp:attachment":[{"href":"https:\/\/www.hirsiranta.fi\/en\/wp-json\/wp\/v2\/media?parent=4944"}],"curies":[{"name":"wp","href":"https:\/\/api.w.org\/{rel}","templated":true}]}}